{"id":93,"date":"2020-02-10T20:02:25","date_gmt":"2020-02-11T06:02:25","guid":{"rendered":"http:\/\/localhost:8888\/gepli-wp\/?page_id=93"},"modified":"2020-02-10T20:02:25","modified_gmt":"2020-02-11T06:02:25","slug":"manutencao-de-substacao","status":"publish","type":"page","link":"https:\/\/gepliangola.co.ao\/?page_id=93","title":{"rendered":"Manuten\u00e7\u00e3o de substa\u00e7\u00e3o"},"content":{"rendered":"","protected":false},"excerpt":{"rendered":"","protected":false},"author":1,"featured_media":0,"parent":16,"menu_order":0,"comment_status":"closed","ping_status":"closed","template":"manutencao-substacao.php","meta":{"footnotes":""},"class_list":["post-93","page","type-page","status-publish","hentry"],"_links":{"self":[{"href":"https:\/\/gepliangola.co.ao\/index.php?rest_route=\/wp\/v2\/pages\/93"}],"collection":[{"href":"https:\/\/gepliangola.co.ao\/index.php?rest_route=\/wp\/v2\/pages"}],"about":[{"href":"https:\/\/gepliangola.co.ao\/index.php?rest_route=\/wp\/v2\/types\/page"}],"author":[{"embeddable":true,"href":"https:\/\/gepliangola.co.ao\/index.php?rest_route=\/wp\/v2\/users\/1"}],"replies":[{"embeddable":true,"href":"https:\/\/gepliangola.co.ao\/index.php?rest_route=%2Fwp%2Fv2%2Fcomments&post=93"}],"version-history":[{"count":1,"href":"https:\/\/gepliangola.co.ao\/index.php?rest_route=\/wp\/v2\/pages\/93\/revisions"}],"predecessor-version":[{"id":95,"href":"https:\/\/gepliangola.co.ao\/index.php?rest_route=\/wp\/v2\/pages\/93\/revisions\/95"}],"up":[{"embeddable":true,"href":"https:\/\/gepliangola.co.ao\/index.php?rest_route=\/wp\/v2\/pages\/16"}],"wp:attachment":[{"href":"https:\/\/gepliangola.co.ao\/index.php?rest_route=%2Fwp%2Fv2%2Fmedia&parent=93"}],"curies":[{"name":"wp","href":"https:\/\/api.w.org\/{rel}","templated":true}]}}