{"id":69,"date":"2020-02-10T19:59:33","date_gmt":"2020-02-11T05:59:33","guid":{"rendered":"http:\/\/localhost:8888\/gepli-wp\/?page_id=69"},"modified":"2020-02-10T19:59:33","modified_gmt":"2020-02-11T05:59:33","slug":"calibracao-e-construcao","status":"publish","type":"page","link":"https:\/\/gepliangola.co.ao\/?page_id=69","title":{"rendered":"Calibra\u00e7\u00e3o e constru\u00e7\u00e3o"},"content":{"rendered":"","protected":false},"excerpt":{"rendered":"","protected":false},"author":1,"featured_media":0,"parent":16,"menu_order":0,"comment_status":"closed","ping_status":"closed","template":"calibracao-e-construcao.php","meta":{"footnotes":""},"class_list":["post-69","page","type-page","status-publish","hentry"],"_links":{"self":[{"href":"https:\/\/gepliangola.co.ao\/index.php?rest_route=\/wp\/v2\/pages\/69"}],"collection":[{"href":"https:\/\/gepliangola.co.ao\/index.php?rest_route=\/wp\/v2\/pages"}],"about":[{"href":"https:\/\/gepliangola.co.ao\/index.php?rest_route=\/wp\/v2\/types\/page"}],"author":[{"embeddable":true,"href":"https:\/\/gepliangola.co.ao\/index.php?rest_route=\/wp\/v2\/users\/1"}],"replies":[{"embeddable":true,"href":"https:\/\/gepliangola.co.ao\/index.php?rest_route=%2Fwp%2Fv2%2Fcomments&post=69"}],"version-history":[{"count":1,"href":"https:\/\/gepliangola.co.ao\/index.php?rest_route=\/wp\/v2\/pages\/69\/revisions"}],"predecessor-version":[{"id":71,"href":"https:\/\/gepliangola.co.ao\/index.php?rest_route=\/wp\/v2\/pages\/69\/revisions\/71"}],"up":[{"embeddable":true,"href":"https:\/\/gepliangola.co.ao\/index.php?rest_route=\/wp\/v2\/pages\/16"}],"wp:attachment":[{"href":"https:\/\/gepliangola.co.ao\/index.php?rest_route=%2Fwp%2Fv2%2Fmedia&parent=69"}],"curies":[{"name":"wp","href":"https:\/\/api.w.org\/{rel}","templated":true}]}}