{"id":247,"date":"2023-06-14T02:00:02","date_gmt":"2023-06-14T11:00:02","guid":{"rendered":"http:\/\/gepliangola.co.ao\/?page_id=247"},"modified":"2025-03-14T05:25:41","modified_gmt":"2025-03-14T14:25:41","slug":"politica-de-qualidade","status":"publish","type":"page","link":"https:\/\/gepliangola.co.ao\/?page_id=247","title":{"rendered":"Pol\u00edtica da Qualidade"},"content":{"rendered":"\n<blockquote class=\"wp-block-quote is-layout-flow wp-block-quote-is-layout-flow\">\n<h2 class=\"wp-block-heading has-text-align-center\"><mark style=\"background-color:rgba(0, 0, 0, 0)\" class=\"has-inline-color has-black-color\">Pol\u00edtica da Qualidade &#8211; GEPLI ANGOLA<\/mark><\/h2>\n<\/blockquote>\n\n\n\n<div data-wp-interactive=\"core\/file\" class=\"wp-block-file\"><object data-wp-bind--hidden=\"!state.hasPdfPreview\"  class=\"wp-block-file__embed\" data=\"https:\/\/gepliangola.co.ao\/wp-content\/uploads\/2025\/03\/Politica-de-Qualidade-2025-1.pdf\" type=\"application\/pdf\" style=\"width:100%;height:600px\" aria-label=\"Incorpora\u00e7\u00e3o de Politica de Qualidade 2025.\"><\/object><a id=\"wp-block-file--media-fb4ba279-c058-4889-be42-9bd9b383c514\" href=\"https:\/\/gepliangola.co.ao\/wp-content\/uploads\/2025\/03\/Politica-de-Qualidade-2025-1.pdf\">Politica de Qualidade 2025<\/a><a href=\"https:\/\/gepliangola.co.ao\/wp-content\/uploads\/2025\/03\/Politica-de-Qualidade-2025-1.pdf\" class=\"wp-block-file__button wp-element-button\" download aria-describedby=\"wp-block-file--media-fb4ba279-c058-4889-be42-9bd9b383c514\">Descarregar<\/a><\/div>\n\n\n<div class=\"wp-block-image\">\n<figure class=\"aligncenter size-full is-resized\"><img loading=\"lazy\" decoding=\"async\" width=\"535\" height=\"326\" src=\"https:\/\/gepliangola.co.ao\/wp-content\/uploads\/2024\/11\/log-1.jpg\" alt=\"\" class=\"wp-image-282\" style=\"width:221px;height:auto\" srcset=\"https:\/\/gepliangola.co.ao\/wp-content\/uploads\/2024\/11\/log-1.jpg 535w, https:\/\/gepliangola.co.ao\/wp-content\/uploads\/2024\/11\/log-1-300x183.jpg 300w\" sizes=\"(max-width: 535px) 100vw, 535px\" \/><\/figure><\/div>\n\n\n<p class=\"has-text-align-center\"><em>&#8220;Gepli Angola, oferece solu\u00e7\u00f5es estrat\u00e9gicas e treinamentos personalizados para impulsionar o sucesso e a inova\u00e7\u00e3o no seu neg\u00f3cio. Com uma equipe altamente qualificada e um compromisso com resultados sustent\u00e1veis, estamos prontos para transformar o seu potencial em excel\u00eancia.&#8221;<\/em><\/p>\n\n\n\n<p><\/p>\n","protected":false},"excerpt":{"rendered":"<p>Pol\u00edtica da Qualidade &#8211; GEPLI ANGOLA &#8220;Gepli Angola, oferece solu\u00e7\u00f5es estrat\u00e9gicas e treinamentos personalizados para impulsionar o sucesso e a inova\u00e7\u00e3o no seu neg\u00f3cio. Com uma equipe altamente qualificada e um compromisso com resultados sustent\u00e1veis, estamos prontos para transformar o seu potencial em excel\u00eancia.&#8221;<\/p>\n","protected":false},"author":1,"featured_media":0,"parent":16,"menu_order":0,"comment_status":"closed","ping_status":"closed","template":"","meta":{"footnotes":""},"class_list":["post-247","page","type-page","status-publish","hentry"],"_links":{"self":[{"href":"https:\/\/gepliangola.co.ao\/index.php?rest_route=\/wp\/v2\/pages\/247"}],"collection":[{"href":"https:\/\/gepliangola.co.ao\/index.php?rest_route=\/wp\/v2\/pages"}],"about":[{"href":"https:\/\/gepliangola.co.ao\/index.php?rest_route=\/wp\/v2\/types\/page"}],"author":[{"embeddable":true,"href":"https:\/\/gepliangola.co.ao\/index.php?rest_route=\/wp\/v2\/users\/1"}],"replies":[{"embeddable":true,"href":"https:\/\/gepliangola.co.ao\/index.php?rest_route=%2Fwp%2Fv2%2Fcomments&post=247"}],"version-history":[{"count":11,"href":"https:\/\/gepliangola.co.ao\/index.php?rest_route=\/wp\/v2\/pages\/247\/revisions"}],"predecessor-version":[{"id":301,"href":"https:\/\/gepliangola.co.ao\/index.php?rest_route=\/wp\/v2\/pages\/247\/revisions\/301"}],"up":[{"embeddable":true,"href":"https:\/\/gepliangola.co.ao\/index.php?rest_route=\/wp\/v2\/pages\/16"}],"wp:attachment":[{"href":"https:\/\/gepliangola.co.ao\/index.php?rest_route=%2Fwp%2Fv2%2Fmedia&parent=247"}],"curies":[{"name":"wp","href":"https:\/\/api.w.org\/{rel}","templated":true}]}}